{"id":6,"date":"2018-09-12T18:49:24","date_gmt":"2018-09-12T18:49:24","guid":{"rendered":"https:\/\/brkrookmelder.nl\/?page_id=6"},"modified":"2019-06-17T08:33:31","modified_gmt":"2019-06-17T08:33:31","slug":"home","status":"publish","type":"page","link":"https:\/\/brkrookmelder.nl\/","title":{"rendered":"Home"},"content":{"rendered":"<p>[vc_row css=&#8221;.vc_custom_1536785323220{margin-top: 0px !important;padding-top: 40px !important;}&#8221;][vc_column width=&#8221;2\/3&#8243; css=&#8221;.vc_custom_1560759258743{padding-right: 5% !important;}&#8221;][vc_custom_heading text=&#8221;BRK 7010BE Rookmelder&#8221; use_theme_fonts=&#8221;yes&#8221; css=&#8221;.vc_custom_1536785378449{margin-bottom: 0px !important;padding-bottom: 0px !important;}&#8221;][vc_custom_heading text=&#8221;230v Lichtnet &#8211; NEN2555 &#8211; Bouwbesluit&#8221; font_container=&#8221;tag:h3|text_align:left&#8221; use_theme_fonts=&#8221;yes&#8221; css=&#8221;.vc_custom_1536785639017{margin-top: 0px !important;margin-bottom: 0px !important;padding-top: 15px !important;padding-bottom: 15px !important;}&#8221;][vc_column_text]De BRK 7010BE rookmelder is veelvuldig ge\u00efnstalleerd in Nederlandse en Belgische huizen. Deze betrouwbare rookmelder is all\u00e9\u00e9n geschikt voor aansluiting op het 230v lichtnet netstroom.<br \/>\nDe BRK rookmelder 7010BE voldoet aan alle gestelde eisen en normen zoals omschreven in de<strong>\u00a0NEN 2555<\/strong>\u00a0en het Bouwbesluit.<\/p>\n<p>De BRK 7010BE is bekabeld koppelbaar met 12 BRK andere rookmelders en 6 BRK hittemelders. Deze rookmelder is voorzien van een 9 volt back-up batterij.[\/vc_column_text][vc_custom_heading text=&#8221;Vervanger BRK86 RACE \/ 2002 RACE&#8221; font_container=&#8221;tag:h4|text_align:left&#8221; use_theme_fonts=&#8221;yes&#8221; css=&#8221;.vc_custom_1536785663476{margin-bottom: 0px !important;padding-top: 15px !important;padding-bottom: 15px !important;}&#8221;][vc_column_text]De 7010BE vervangt\u00a0de\u00a0huidige\u00a0BRK 86 RACE\u00a0of\u00a02002 RACE rookmelder.\u00a0Met de meegeleverde gratis montagevoet\u00a0is de 7010BE\u00a0eenvoudig te bevestigen op de huidige montagevoet.[\/vc_column_text][vc_row_inner][vc_column_inner width=&#8221;1\/3&#8243; css=&#8221;.vc_custom_1536786139815{padding-top: 11px !important;}&#8221;]<style type=\"text\/css\" >#b_5dbrs5mst7dxkf8egf9j a{color:#000000; background:#ffdf00; margin-top:0px; margin-bottom:0px;  margin-left:0px; margin-right:0px; font-weight:900; border-radius:5px;}#b_5dbrs5mst7dxkf8egf9j a:hover{color: ; background:#ead300 ;}<\/style><div class=\"ta_left tf_btn_pos\" id=\"b_5dbrs5mst7dxkf8egf9j\" ><a class=\"rd_3d_bt medium_rd_bt bt_icon_left   \" href=\"https:\/\/www.brandpreventiewinkel.nl\/winkel\/rookmelder\/rookmelder-brk7010be\/\" target=\"\"   ><i class=\"mp-basket-alt\" ><\/i><span>Koop BRK Rookmelder<\/span><\/a><\/div><style type='text\/css'> @font-face{font-family: 'mp'; src:url('https:\/\/brkrookmelder.nl\/wp-content\/themes\/thefox\/includes\/4k-icons\/icons\/4k-icons-pack04\/icons\/fonts\/mp.eot'); src:url('https:\/\/brkrookmelder.nl\/wp-content\/themes\/thefox\/includes\/4k-icons\/icons\/4k-icons-pack04\/icons\/fonts\/mp.eot?#iefix') format('embedded-opentype'), url('https:\/\/brkrookmelder.nl\/wp-content\/themes\/thefox\/includes\/4k-icons\/icons\/4k-icons-pack04\/icons\/fonts\/mp.woff') format('woff'), url('https:\/\/brkrookmelder.nl\/wp-content\/themes\/thefox\/includes\/4k-icons\/icons\/4k-icons-pack04\/icons\/fonts\/mp.ttf') format('truetype'), url('https:\/\/brkrookmelder.nl\/wp-content\/themes\/thefox\/includes\/4k-icons\/icons\/4k-icons-pack04\/icons\/fonts\/mp.svg#oi') format('svg'); font-weight: normal; font-style: normal;}#b_5dbrs5mst7dxkf8egf9j .mp-basket-alt:before{font-family: 'mp'; font-weight: normal; font-style: normal;}#b_5dbrs5mst7dxkf8egf9j .mp-basket-alt:before{content: \"\\e947\";}<\/style>\n[\/vc_column_inner][vc_column_inner width=&#8221;1\/3&#8243; css=&#8221;.vc_custom_1560759323194{padding-top: 10px !important;}&#8221;][vc_custom_heading text=&#8221;Offici\u00eble verkoop door:&#8221; font_container=&#8221;tag:p|font_size:13|text_align:left&#8221; use_theme_fonts=&#8221;yes&#8221; css=&#8221;.vc_custom_1536786154754{margin-top: 0px !important;margin-bottom: 0px !important;padding-top: 0px !important;padding-bottom: 5px !important;}&#8221;][vc_single_image image=&#8221;24&#8243; img_size=&#8221;medium&#8221;][\/vc_column_inner][vc_column_inner width=&#8221;1\/3&#8243; css=&#8221;.vc_custom_1560759328789{padding-top: 30px !important;}&#8221;][vc_single_image image=&#8221;38&#8243; img_size=&#8221;140&#215;42&#8243; alignment=&#8221;center&#8221; css=&#8221;.vc_custom_1560759203629{margin-top: 0px !important;padding-top: 0px !important;}&#8221;][\/vc_column_inner][\/vc_row_inner][\/vc_column][vc_column width=&#8221;1\/3&#8243;][vc_single_image image=&#8221;20&#8243; img_size=&#8221;350&#215;350&#8243; alignment=&#8221;center&#8221;][vc_row_inner][vc_column_inner width=&#8221;1\/3&#8243;][vc_single_image image=&#8221;16&#8243; img_size=&#8221;full&#8221; css=&#8221;.vc_custom_1536785289618{border-top-width: 1px !important;border-right-width: 1px !important;border-bottom-width: 1px !important;border-left-width: 1px !important;border-left-color: #bababa !important;border-left-style: dotted !important;border-right-color: #bababa !important;border-right-style: dotted !important;border-top-color: #bababa !important;border-top-style: dotted !important;border-bottom-color: #bababa !important;border-bottom-style: dotted !important;}&#8221;][\/vc_column_inner][vc_column_inner width=&#8221;1\/3&#8243;][vc_single_image image=&#8221;15&#8243; img_size=&#8221;full&#8221; css=&#8221;.vc_custom_1536785299202{border-top-width: 1px !important;border-right-width: 1px !important;border-bottom-width: 1px !important;border-left-width: 1px !important;border-left-color: #bababa !important;border-left-style: dotted !important;border-right-color: #bababa !important;border-right-style: dotted !important;border-top-color: #bababa !important;border-top-style: dotted !important;border-bottom-color: #bababa !important;border-bottom-style: dotted !important;}&#8221;][\/vc_column_inner][vc_column_inner width=&#8221;1\/3&#8243;][vc_single_image image=&#8221;14&#8243; img_size=&#8221;full&#8221; css=&#8221;.vc_custom_1536785305499{border-top-width: 1px !important;border-right-width: 1px !important;border-bottom-width: 1px !important;border-left-width: 1px !important;border-left-color: #bababa !important;border-left-style: dotted !important;border-right-color: #bababa !important;border-right-style: dotted !important;border-top-color: #bababa !important;border-top-style: dotted !important;border-bottom-color: #bababa !important;border-bottom-style: dotted !important;}&#8221;][\/vc_column_inner][\/vc_row_inner][\/vc_column][\/vc_row][vc_row][vc_column width=&#8221;1\/2&#8243;][vc_custom_heading text=&#8221;BRK 7010BE&#8221; use_theme_fonts=&#8221;yes&#8221; css=&#8221;.vc_custom_1536785861093{margin-bottom: 0px !important;padding-bottom: 15px !important;}&#8221;][vc_custom_heading text=&#8221;Alle kenmerken op een rij&#8221; font_container=&#8221;tag:h4|text_align:left&#8221; use_theme_fonts=&#8221;yes&#8221; css=&#8221;.vc_custom_1536785849507{margin-bottom: 0px !important;padding-bottom: 15px !important;}&#8221;][vc_column_text]<\/p>\n<table class=\"shop_attributes\">\n<tbody>\n<tr class=\"\">\n<th style=\"text-align: left;\">Koppelbaar<\/th>\n<td>Koppelbaar bedraad<\/td>\n<\/tr>\n<tr class=\"alt\">\n<th style=\"text-align: left;\">Display<\/th>\n<td>Nee<\/td>\n<\/tr>\n<tr class=\"\">\n<th style=\"text-align: left;\">Batterij<\/th>\n<td>230v Lichtnet<\/td>\n<\/tr>\n<tr class=\"alt\">\n<th style=\"text-align: left;\">Inclusief Batterijen\/Accu<\/th>\n<td>Ja<\/td>\n<\/tr>\n<tr class=\"\">\n<th style=\"text-align: left;\">Voorraad Status<\/th>\n<td>V\u00f3\u00f3r 23:45 besteld, volgende werkdag in huis*<\/td>\n<\/tr>\n<tr class=\"alt\">\n<th style=\"text-align: left;\">Garantie<\/th>\n<td>5 jaar<\/td>\n<\/tr>\n<tr class=\"\">\n<th style=\"text-align: left;\">Detectie<\/th>\n<td style=\"text-align: left;\">Rook<\/td>\n<\/tr>\n<tr class=\"alt\">\n<th style=\"text-align: left;\">Sensor<\/th>\n<td>Optisch<\/td>\n<\/tr>\n<tr class=\"\">\n<th style=\"text-align: left;\">Testknop<\/th>\n<td style=\"text-align: left;\">Ja<\/td>\n<\/tr>\n<tr class=\"alt\">\n<th style=\"text-align: left;\">Certificering<\/th>\n<td>NEN 2555 (Bouwbesluit)<\/td>\n<\/tr>\n<tr class=\"\">\n<th style=\"text-align: left;\">Backup Batterij<\/th>\n<td>Ja<\/td>\n<\/tr>\n<tr class=\"alt\">\n<th style=\"text-align: left;\">Batterij Vervangen Signaal<\/th>\n<td>Ja<\/td>\n<\/tr>\n<tr class=\"\">\n<th style=\"text-align: left;\">Koppelbaar domein<\/th>\n<td style=\"text-align: left;\">12 melders<\/td>\n<\/tr>\n<\/tbody>\n<\/table>\n<p>[\/vc_column_text][\/vc_column][vc_column width=&#8221;1\/2&#8243;][vc_custom_heading text=&#8221;Over BRK&#8221; font_container=&#8221;tag:h4|text_align:left&#8221; use_theme_fonts=&#8221;yes&#8221;][vc_column_text]BRK produceert elke rookmelder, koolmonoxidemelder en hittemelder volgens de strengste kwaliteitsnormen.<\/p>\n<p>BRK is wereldleider in de ontwikkeling, productie en distributie van rook-, hitte en koolmonoxidemelders en is zelfs uitvinder van de rookmelder voor in huis. BRK fabriceert en verkoopt al bijna 45 jaar producten voor brandveiligheid in huis.<\/p>\n<p>Fabrieken en distributiecentra zijn strategisch verdeeld over de hele wereld. De producten van BRK worden in meer dan 30 landen verkocht.<\/p>\n<p>De kwaliteit van de producten, de klantenservice en projectondersteuning is vanzelfsprekend. Het onderstreept de toewijding van BRK om te voorzien in een goede service en de wijze waarop informatie verstrekt wordt aan installateurs, advies-en bestekburo\u2019s, woningbouwverengingen, projectontwikkelaars en architecten.<\/p>\n<p>De BRK producten die al jarenlang verkrijgbaar zijn via de elektrotechnische groothandel, zijn speciaal ontwikkeld voor de installateur die hoge eisen stelt aan een compleet kwaliteitsprogramma van rook-, hitte en koolmonoxidemelders en bovendien snel en eenvoudig zijn te installeren.<\/p>\n<p>Woningbouwverenigingen maken al jaren gebruik van onze projectmatige aanpak en technische kennis als het gaat om rookmelders die worden toegepast in renovatie- en nieuwbouw projecten. In de ontwikkelfase van nieuwbouwprojecten is BRK het aanspreekpunt voor opdrachtgevers, aannemers en bestekschrijvers.[\/vc_column_text][\/vc_column][\/vc_row]<\/p>\n","protected":false},"excerpt":{"rendered":"<p>[vc_row css=&#8221;.vc_custom_1536785323220{margin-top: 0px !important;padding-top: 40px !important;}&#8221;][vc_column width=&#8221;2\/3&#8243; css=&#8221;.vc_custom_1560759258743{padding-right: 5% !important;}&#8221;][vc_custom_heading text=&#8221;BRK 7010BE Rookmelder&#8221; use_theme_fonts=&#8221;yes&#8221; css=&#8221;.vc_custom_1536785378449{margin-bottom: 0px !important;padding-bottom: 0px !important;}&#8221;][vc_custom_heading text=&#8221;230v Lichtnet &#8211; NEN2555 &#8211; Bouwbesluit&#8221; font_container=&#8221;tag:h3|text_align:left&#8221; use_theme_fonts=&#8221;yes&#8221; css=&#8221;.vc_custom_1536785639017{margin-top: 0px !important;margin-bottom: 0px !important;padding-top: 15px !important;padding-bottom: 15px !important;}&#8221;][vc_column_text]De BRK 7010BE rookmelder is veelvuldig ge\u00efnstalleerd in Nederlandse en Belgische huizen. Deze betrouwbare rookmelder is all\u00e9\u00e9n geschikt voor aansluiting<br \/><a href=\"https:\/\/brkrookmelder.nl\/\" class=\"more\">Read more<\/a><\/p>\n","protected":false},"author":2,"featured_media":0,"parent":0,"menu_order":0,"comment_status":"closed","ping_status":"closed","template":"","meta":{"footnotes":""},"yoast_head":"<!-- This site is optimized with the Yoast SEO plugin v21.8 - https:\/\/yoast.com\/wordpress\/plugins\/seo\/ -->\n<title>Offici\u00eble webwinkel BRK7010BE Rookmelder - Scherpe aanbiedingen<\/title>\n<meta name=\"description\" content=\"Offici\u00eble webwinkel voor de BRK 7010BE rookmelder. Koop hier de BRK7010BE met garantie \u00e9n leverbetrouwbaarheid. V\u00f3\u00f3r 23:45 besteld, morgen in huis.\" \/>\n<meta name=\"robots\" content=\"index, follow, max-snippet:-1, max-image-preview:large, max-video-preview:-1\" \/>\n<link rel=\"canonical\" href=\"https:\/\/brkrookmelder.nl\/\" \/>\n<meta property=\"og:locale\" content=\"nl_NL\" \/>\n<meta property=\"og:type\" content=\"article\" \/>\n<meta property=\"og:title\" content=\"Offici\u00eble webwinkel BRK7010BE Rookmelder - Scherpe aanbiedingen\" \/>\n<meta property=\"og:description\" content=\"Offici\u00eble webwinkel voor de BRK 7010BE rookmelder. Koop hier de BRK7010BE met garantie \u00e9n leverbetrouwbaarheid. V\u00f3\u00f3r 23:45 besteld, morgen in huis.\" \/>\n<meta property=\"og:url\" content=\"https:\/\/brkrookmelder.nl\/\" \/>\n<meta property=\"og:site_name\" content=\"BRK 7010 BE Rookmelder\" \/>\n<meta property=\"article:modified_time\" content=\"2019-06-17T08:33:31+00:00\" \/>\n<meta name=\"twitter:card\" content=\"summary_large_image\" \/>\n<meta name=\"twitter:label1\" content=\"Geschatte leestijd\" \/>\n\t<meta name=\"twitter:data1\" content=\"4 minuten\" \/>\n<script type=\"application\/ld+json\" class=\"yoast-schema-graph\">{\"@context\":\"https:\/\/schema.org\",\"@graph\":[{\"@type\":\"WebPage\",\"@id\":\"https:\/\/brkrookmelder.nl\/\",\"url\":\"https:\/\/brkrookmelder.nl\/\",\"name\":\"Offici\u00eble webwinkel BRK7010BE Rookmelder - Scherpe aanbiedingen\",\"isPartOf\":{\"@id\":\"https:\/\/brkrookmelder.nl\/#website\"},\"datePublished\":\"2018-09-12T18:49:24+00:00\",\"dateModified\":\"2019-06-17T08:33:31+00:00\",\"description\":\"Offici\u00eble webwinkel voor de BRK 7010BE rookmelder. Koop hier de BRK7010BE met garantie \u00e9n leverbetrouwbaarheid. V\u00f3\u00f3r 23:45 besteld, morgen in huis.\",\"breadcrumb\":{\"@id\":\"https:\/\/brkrookmelder.nl\/#breadcrumb\"},\"inLanguage\":\"nl-NL\",\"potentialAction\":[{\"@type\":\"ReadAction\",\"target\":[\"https:\/\/brkrookmelder.nl\/\"]}]},{\"@type\":\"BreadcrumbList\",\"@id\":\"https:\/\/brkrookmelder.nl\/#breadcrumb\",\"itemListElement\":[{\"@type\":\"ListItem\",\"position\":1,\"name\":\"Home\",\"item\":\"https:\/\/brkrookmelder.nl\/\"},{\"@type\":\"ListItem\",\"position\":2,\"name\":\"Home\"}]},{\"@type\":\"WebSite\",\"@id\":\"https:\/\/brkrookmelder.nl\/#website\",\"url\":\"https:\/\/brkrookmelder.nl\/\",\"name\":\"BRK 7010 BE Rookmelder\",\"description\":\"BRK7010BE\",\"potentialAction\":[{\"@type\":\"SearchAction\",\"target\":{\"@type\":\"EntryPoint\",\"urlTemplate\":\"https:\/\/brkrookmelder.nl\/?s={search_term_string}\"},\"query-input\":\"required name=search_term_string\"}],\"inLanguage\":\"nl-NL\"}]}<\/script>\n<!-- \/ Yoast SEO plugin. -->","yoast_head_json":{"title":"Offici\u00eble webwinkel BRK7010BE Rookmelder - Scherpe aanbiedingen","description":"Offici\u00eble webwinkel voor de BRK 7010BE rookmelder. Koop hier de BRK7010BE met garantie \u00e9n leverbetrouwbaarheid. V\u00f3\u00f3r 23:45 besteld, morgen in huis.","robots":{"index":"index","follow":"follow","max-snippet":"max-snippet:-1","max-image-preview":"max-image-preview:large","max-video-preview":"max-video-preview:-1"},"canonical":"https:\/\/brkrookmelder.nl\/","og_locale":"nl_NL","og_type":"article","og_title":"Offici\u00eble webwinkel BRK7010BE Rookmelder - Scherpe aanbiedingen","og_description":"Offici\u00eble webwinkel voor de BRK 7010BE rookmelder. Koop hier de BRK7010BE met garantie \u00e9n leverbetrouwbaarheid. V\u00f3\u00f3r 23:45 besteld, morgen in huis.","og_url":"https:\/\/brkrookmelder.nl\/","og_site_name":"BRK 7010 BE Rookmelder","article_modified_time":"2019-06-17T08:33:31+00:00","twitter_card":"summary_large_image","twitter_misc":{"Geschatte leestijd":"4 minuten"},"schema":{"@context":"https:\/\/schema.org","@graph":[{"@type":"WebPage","@id":"https:\/\/brkrookmelder.nl\/","url":"https:\/\/brkrookmelder.nl\/","name":"Offici\u00eble webwinkel BRK7010BE Rookmelder - Scherpe aanbiedingen","isPartOf":{"@id":"https:\/\/brkrookmelder.nl\/#website"},"datePublished":"2018-09-12T18:49:24+00:00","dateModified":"2019-06-17T08:33:31+00:00","description":"Offici\u00eble webwinkel voor de BRK 7010BE rookmelder. Koop hier de BRK7010BE met garantie \u00e9n leverbetrouwbaarheid. V\u00f3\u00f3r 23:45 besteld, morgen in huis.","breadcrumb":{"@id":"https:\/\/brkrookmelder.nl\/#breadcrumb"},"inLanguage":"nl-NL","potentialAction":[{"@type":"ReadAction","target":["https:\/\/brkrookmelder.nl\/"]}]},{"@type":"BreadcrumbList","@id":"https:\/\/brkrookmelder.nl\/#breadcrumb","itemListElement":[{"@type":"ListItem","position":1,"name":"Home","item":"https:\/\/brkrookmelder.nl\/"},{"@type":"ListItem","position":2,"name":"Home"}]},{"@type":"WebSite","@id":"https:\/\/brkrookmelder.nl\/#website","url":"https:\/\/brkrookmelder.nl\/","name":"BRK 7010 BE Rookmelder","description":"BRK7010BE","potentialAction":[{"@type":"SearchAction","target":{"@type":"EntryPoint","urlTemplate":"https:\/\/brkrookmelder.nl\/?s={search_term_string}"},"query-input":"required name=search_term_string"}],"inLanguage":"nl-NL"}]}},"_links":{"self":[{"href":"https:\/\/brkrookmelder.nl\/index.php\/wp-json\/wp\/v2\/pages\/6"}],"collection":[{"href":"https:\/\/brkrookmelder.nl\/index.php\/wp-json\/wp\/v2\/pages"}],"about":[{"href":"https:\/\/brkrookmelder.nl\/index.php\/wp-json\/wp\/v2\/types\/page"}],"author":[{"embeddable":true,"href":"https:\/\/brkrookmelder.nl\/index.php\/wp-json\/wp\/v2\/users\/2"}],"replies":[{"embeddable":true,"href":"https:\/\/brkrookmelder.nl\/index.php\/wp-json\/wp\/v2\/comments?post=6"}],"version-history":[{"count":9,"href":"https:\/\/brkrookmelder.nl\/index.php\/wp-json\/wp\/v2\/pages\/6\/revisions"}],"predecessor-version":[{"id":42,"href":"https:\/\/brkrookmelder.nl\/index.php\/wp-json\/wp\/v2\/pages\/6\/revisions\/42"}],"wp:attachment":[{"href":"https:\/\/brkrookmelder.nl\/index.php\/wp-json\/wp\/v2\/media?parent=6"}],"curies":[{"name":"wp","href":"https:\/\/api.w.org\/{rel}","templated":true}]}}